{"id":25,"date":"2021-04-22T19:16:24","date_gmt":"2021-04-22T19:16:24","guid":{"rendered":"https:\/\/klochlab.eu\/?page_id=25"},"modified":"2022-06-24T08:02:36","modified_gmt":"2022-06-24T08:02:36","slug":"contact","status":"publish","type":"page","link":"https:\/\/klochlab.eu\/index.php\/contact\/","title":{"rendered":"Contact"},"content":{"rendered":"\n<p>a.kloch@uw.edu.pl<\/p>\n\n\n\n<p><strong>where:<\/strong><br>Wydzia\u0142 Biologii, Zak\u0142ad Ekologii<br>Budynek CNBiCh, Zwirki i Wigury 101<br>pok. 4.47, IV floor<\/p>\n\n\n\n<p><strong>postal address:<\/strong><br>Zak\u0142ad Ekologii, Wydzia\u0142 Biologii<br>Zwirki i Wigury 101<br>02-089 Warszawa<\/p>\n\n\n\n<p><\/p>\n\n\n\n<p><\/p>\n","protected":false},"excerpt":{"rendered":"<p>a.kloch@uw.edu.pl where:Wydzia\u0142 Biologii, Zak\u0142ad EkologiiBudynek CNBiCh, Zwirki i Wigury 101pok. 4.47, IV floor postal address:Zak\u0142ad Ekologii, Wydzia\u0142 BiologiiZwirki i Wigury 10102-089 Warszawa<\/p>\n","protected":false},"author":2,"featured_media":0,"parent":0,"menu_order":0,"comment_status":"closed","ping_status":"closed","template":"","meta":{"footnotes":""},"class_list":["post-25","page","type-page","status-publish","hentry"],"_links":{"self":[{"href":"https:\/\/klochlab.eu\/index.php\/wp-json\/wp\/v2\/pages\/25","targetHints":{"allow":["GET"]}}],"collection":[{"href":"https:\/\/klochlab.eu\/index.php\/wp-json\/wp\/v2\/pages"}],"about":[{"href":"https:\/\/klochlab.eu\/index.php\/wp-json\/wp\/v2\/types\/page"}],"author":[{"embeddable":true,"href":"https:\/\/klochlab.eu\/index.php\/wp-json\/wp\/v2\/users\/2"}],"replies":[{"embeddable":true,"href":"https:\/\/klochlab.eu\/index.php\/wp-json\/wp\/v2\/comments?post=25"}],"version-history":[{"count":5,"href":"https:\/\/klochlab.eu\/index.php\/wp-json\/wp\/v2\/pages\/25\/revisions"}],"predecessor-version":[{"id":407,"href":"https:\/\/klochlab.eu\/index.php\/wp-json\/wp\/v2\/pages\/25\/revisions\/407"}],"wp:attachment":[{"href":"https:\/\/klochlab.eu\/index.php\/wp-json\/wp\/v2\/media?parent=25"}],"curies":[{"name":"wp","href":"https:\/\/api.w.org\/{rel}","templated":true}]}}