{"id":149,"date":"2021-05-21T08:29:43","date_gmt":"2021-05-21T08:29:43","guid":{"rendered":"https:\/\/klochlab.eu\/?page_id=149"},"modified":"2025-10-20T12:29:18","modified_gmt":"2025-10-20T12:29:18","slug":"publications","status":"publish","type":"page","link":"https:\/\/klochlab.eu\/index.php\/publications\/","title":{"rendered":"Publications"},"content":{"rendered":"\n<h2 class=\"wp-block-heading\">2025<\/h2>\n\n\n\n<p>Ko\u0142odziejczyk J, Fijarczyk A, Porth I, Robakowski P, Vella N, Vella A, <strong>Kloch A<\/strong>, Biedrzycka A. Genomic tools to discover successful invasions mechanisms: the picture emerging from lately published studies. Biological Reviews. <a href=\"https:\/\/doi.org\/10.1111\/brv.70005\">https:\/\/doi.org\/10.1111\/brv.70005<\/a><\/p>\n\n\n\n<h2 class=\"wp-block-heading\">2024<\/h2>\n\n\n\n<p>Wymaza\u0142 A, Nowak S, Mys\u0142ajek RW, Bajer A, Welc-Fal\u0119ciak R,Szewczyk M, Kwiatkowska I, St\u0119pniak KM, Figura M, <strong>Kloch A.<\/strong> (2023) Tick-borne infections in wolves from an expanding population in Eastern Europe. <em><strong>Ticks and Tick-borne Diseases <\/strong><\/em>5:102272. DOI: <a href=\"https:\/\/doi.org\/10.1016\/j.ttbdis.2023.102272\" target=\"_blank\" rel=\"noreferrer noopener\">10.1016\/j.ttbdis.2023.102272<\/a><\/p>\n\n\n\n<h2 class=\"wp-block-heading\">2023<\/h2>\n\n\n\n<p>Biedrzycka A, Konopi\u0144ski M, Popio\u0142ek M, Bartoszewicz M. <strong>&amp;<\/strong> <strong>Kloch A. <\/strong>(2023) Immunogenetics and invasion: non-MHC immunity genes do not affect parasite load in European populations of common raccoon.<em><strong> <\/strong>Scientific Reports<\/em> 13:15696  <a href=\"https:\/\/doi.org\/10.1038\/s41598-023-41721-1 \">https:\/\/doi.org\/10.1038\/s41598-023-41721-1 <\/a><\/p>\n\n\n\n<p>Alsarraf M, Carret\u00f3n E, Ciuca L, Diakou A, Dwu\u017cnik-Szarek D, Fuehrer HP, Genchi M, Ionic\u0103 AM, <strong>Kloch A,<\/strong> Kramer LH, Mihalca AD, Miterp\u00e1kov\u00e1 M, Morch\u00f3n R, Papadopoulos E, P\u0119kacz M, Rinaldi L, Alsarraf M, Topolnytska M, Vismarra A, Zawistowska-Deniziak A &amp; Bajer A. (2023). Diversity and geographic distribution of haplotypes of Dirofilaria immitis across European endemic countries. <em>Parasites &amp; Vectors<\/em> 16: 325 <a href=\"https:\/\/parasitesandvectors.biomedcentral.com\/articles\/10.1186\/s13071-023-05945-4\" data-type=\"link\" data-id=\"https:\/\/parasitesandvectors.biomedcentral.com\/articles\/10.1186\/s13071-023-05945-4\">https:\/\/parasitesandvectors.biomedcentral.com\/articles\/10.1186\/s13071-023-05945-4<\/a><\/p>\n\n\n\n<p>L. Stevens, I. Martinez-Ugalde, E. King, M. Wagah, D. Absolon, R. Bancroft, P. Gonzalez de la Rosa, J.L. Hall, M. Kieninger, <strong>A. Kloch<\/strong>, S. Pelan, E. Robertson, A.B. Pedersen, C. Abreu-Goodger, A.H. Buck, M. Blaxter. Ancient diversity in host-parasite interaction genes in a model parasitic nematode. <em>Nature Communications<\/em>, 14: 777 <a href=\"https:\/\/www.nature.com\/articles\/s41467-023-43556-w\" data-type=\"link\" data-id=\"https:\/\/www.nature.com\/articles\/s41467-023-43556-w\">https:\/\/www.nature.com\/articles\/s41467-023-43556-w<\/a><\/p>\n\n\n\n<p>M. Alsarraf, D. Dwu\u017cnik-Szarek, J. Hildebrand, E.J. Mierzejewska, <strong>A. Kloch<\/strong>, K. Kot, K. Kurek, S. Nowak, R.W. Mys\u0142ajek, I. My\u015bliwy, M. Popio\u0142ek, A. Rodo, M. Alsarraf, K. To\u0142kacz, M. Topolnytska, D. W\u0119\u017cyk &amp; A. Bajer. Occurrence of <em>Dirofilaria repens<\/em> in wild carnivores in Poland. <em>Parasitol Res<\/em> . <a href=\"https:\/\/doi.org\/10.1007\/s00436-023-07823-5\" data-type=\"URL\" data-id=\"https:\/\/doi.org\/10.1007\/s00436-023-07823-5\">https:\/\/doi.org\/10.1007\/s00436-023-07823-5<\/a><\/p>\n\n\n\n<p><strong>A Kloch<\/strong>, EJ Mierzejewska, R Welc-Fal\u0119ciak, A Bajer, A. Biedrzycka. Cytokine gene polymorphism and parasite susceptibility in free-living rodents: the importance of non-coding variants. <em>PloS One<\/em> <a href=\"https:\/\/journals.plos.org\/plosone\/article?id=10.1371\/journal.pone.0258009\">https:\/\/journals.plos.org\/plosone\/article?id=10.1371\/journal.pone.0258009<\/a><\/p>\n\n\n\n<p>M Alsarraf, G Baneth, A Bogucka-Kocka, L Ciuca, D Dwu\u017cnik-Szarek, HP Fuehrer, <strong>A Kloch<\/strong>, P Ko\u0142odziej, V Levytska, EJ Mierzejewska, AD Mihalca, A Mushynskyi, Y Nachum-Biala, M Alsarraf, A Bajer. Haplotypes of <em>Dirofilaria repens <\/em>from Poland and selected countries of Central, North-Eastern Europe and the Middle East: an evaluation on the relation between the genetic diversity and the geographic distribution of the fast-spreading parasite. <em>Veterinary Parasitology<\/em> <a href=\"https:\/\/www.sciencedirect.com\/science\/article\/pii\/S0304401723000134\">https:\/\/www.sciencedirect.com\/science\/article\/pii\/S0304401723000134<\/a><\/p>\n\n\n\n<h2 class=\"wp-block-heading\">2022<\/h2>\n\n\n\n<p>Biedrzycka A, Fijarczyk A,<strong> Kloch A<\/strong>, Porth IM. Editorial: Genomic Basis of Adaptations to New Environments in Expansive and Invasive Species Front. Ecol. Evol.  <a href=\"https:\/\/www.frontiersin.org\/articles\/10.3389\/fevo.2022.974649\/full\">https:\/\/www.frontiersin.org\/articles\/10.3389\/fevo.2022.974649\/full<\/a><\/p>\n\n\n\n<p>Formenti et al. The era of reference genomes in conservation genomics. Trends Ecol Evol 37, 197-202 <a href=\"https:\/\/www.sciencedirect.com\/science\/article\/pii\/S016953472100313X?via%3Dihub\">https:\/\/www.sciencedirect.com\/science\/article\/pii\/S016953472100313X?via%3Dihub<\/a><\/p>\n\n\n\n<p><\/p>\n\n\n\n<h2 class=\"wp-block-heading\"><strong>2021<\/strong><\/h2>\n\n\n\n<p><strong>Kloch A<\/strong>, Biedrzycka A, Szewczyk M, Nowak S, Nied\u017awiedzka N, K\u0142odawska M, H\u00e1jkov\u00e1 A, Hulva P, J\u0119drzejewska B, Mys\u0142ajek RW. High genetic diversity in immunity loci in an expanding population of a highly mobile carnivore, the grey wolf Canis lupus in Central Europe. <em>Diversity and Distributions<\/em> 27: 1680-1695 <a href=\"https:\/\/onlinelibrary.wiley.com\/doi\/full\/10.1111\/ddi.13360\">https:\/\/onlinelibrary.wiley.com\/doi\/full\/10.1111\/ddi.13360<\/a><\/p>\n\n\n\n<h2 class=\"wp-block-heading\"><strong>2020<\/strong><\/h2>\n\n\n\n<p>Kloch A, Biedrzycka A. 2020 Post-glacial phylogeography and variation in innate immunity loci in a sylvatic rodent, bank vole <em>Myodes glareolus<\/em>. <em>Mammalian Biology<\/em>,&nbsp;100(2), 141-154. <br><a href=\"https:\/\/link.springer.com\/article\/10.1007\/s42991-020-00016-y\">https:\/\/link.springer.com\/article\/10.1007\/s42991-020-00016-y<\/a><br><\/p>\n\n\n\n<h2 class=\"wp-block-heading\"><strong>2019<\/strong><\/h2>\n\n\n\n<p>Dwu\u017cnik D, Mierzejewska EJ, Drabik P, <strong>Kloch A<\/strong>, Alsarraf M, Behnke JM, Bajer A. 2019. The role of juvenile ticks Dermacentor reticulatus ticks as vectors of microorganisms and the problem of \u2018meal contamination\u2019. <em>Experimental and Applied Acarology<\/em>, 78(2):181-202.<br><a href=\"https:\/\/link.springer.com\/article\/10.1007\/s10493-019-00380-6\">https:\/\/link.springer.com\/article\/10.1007\/s10493-019-00380-6<\/a><\/p>\n\n\n\n<h2 class=\"wp-block-heading\"><strong>2018<\/strong><\/h2>\n\n\n\n<p><strong>Kloch A<\/strong>, Wenzel MA, Laetsch DR, Michalski O, Bajer A, Behnke J, Welc-Fal\u0119ciak R, Piertney SB. 2018. Signatures of balancing selection in toll-like receptor (TLRs) genes \u2013 novel insights from a free-living rodent. <em>Scientific Reports<\/em> 8: 8361<br><a href=\"https:\/\/www.nature.com\/articles\/s41598-018-26672-2\">https:\/\/www.nature.com\/articles\/s41598-018-26672-2<\/a><\/p>\n","protected":false},"excerpt":{"rendered":"<p>2025 Ko\u0142odziejczyk J, Fijarczyk A, Porth I, Robakowski P, Vella N, Vella A, Kloch A, Biedrzycka A. Genomic tools to discover successful invasions mechanisms: the picture emerging from lately published studies. Biological Reviews. https:\/\/doi.org\/10.1111\/brv.70005 2024 Wymaza\u0142 A, Nowak S, Mys\u0142ajek RW, Bajer A, Welc-Fal\u0119ciak R,Szewczyk M, Kwiatkowska I, St\u0119pniak KM, Figura M, Kloch A. (2023)&hellip;<\/p>\n","protected":false},"author":2,"featured_media":0,"parent":0,"menu_order":0,"comment_status":"closed","ping_status":"closed","template":"","meta":{"footnotes":""},"class_list":["post-149","page","type-page","status-publish","hentry"],"_links":{"self":[{"href":"https:\/\/klochlab.eu\/index.php\/wp-json\/wp\/v2\/pages\/149","targetHints":{"allow":["GET"]}}],"collection":[{"href":"https:\/\/klochlab.eu\/index.php\/wp-json\/wp\/v2\/pages"}],"about":[{"href":"https:\/\/klochlab.eu\/index.php\/wp-json\/wp\/v2\/types\/page"}],"author":[{"embeddable":true,"href":"https:\/\/klochlab.eu\/index.php\/wp-json\/wp\/v2\/users\/2"}],"replies":[{"embeddable":true,"href":"https:\/\/klochlab.eu\/index.php\/wp-json\/wp\/v2\/comments?post=149"}],"version-history":[{"count":19,"href":"https:\/\/klochlab.eu\/index.php\/wp-json\/wp\/v2\/pages\/149\/revisions"}],"predecessor-version":[{"id":540,"href":"https:\/\/klochlab.eu\/index.php\/wp-json\/wp\/v2\/pages\/149\/revisions\/540"}],"wp:attachment":[{"href":"https:\/\/klochlab.eu\/index.php\/wp-json\/wp\/v2\/media?parent=149"}],"curies":[{"name":"wp","href":"https:\/\/api.w.org\/{rel}","templated":true}]}}